{"id":855,"date":"2023-04-13T05:59:19","date_gmt":"2023-04-13T05:59:19","guid":{"rendered":"https:\/\/modulfurniture.hu\/?page_id=855"},"modified":"2024-07-04T12:48:04","modified_gmt":"2024-07-04T12:48:04","slug":"uber-uns","status":"publish","type":"page","link":"https:\/\/modulfurniture.hu\/de\/uber-uns\/","title":{"rendered":"\u00dcber uns"},"content":{"rendered":"<div data-elementor-type=\"wp-page\" data-elementor-id=\"855\" class=\"elementor elementor-855\" data-elementor-post-type=\"page\">\n\t\t\t\t\t\t<section class=\"elementor-section elementor-top-section elementor-element elementor-element-a9dbd27 elementor-section-height-min-height elementor-section-items-top elementor-section-boxed elementor-section-height-default\" data-id=\"a9dbd27\" data-element_type=\"section\" data-e-type=\"section\" data-settings=\"{&quot;background_background&quot;:&quot;classic&quot;}\">\n\t\t\t\t\t\t<div class=\"elementor-container elementor-column-gap-default\">\n\t\t\t\t\t<div class=\"elementor-column elementor-col-100 elementor-top-column elementor-element elementor-element-c1ea1ed\" data-id=\"c1ea1ed\" data-element_type=\"column\" data-e-type=\"column\">\n\t\t\t<div class=\"elementor-widget-wrap elementor-element-populated\">\n\t\t\t\t\t\t<div class=\"elementor-element elementor-element-3b83f54 elementor-widget elementor-widget-heading\" data-id=\"3b83f54\" data-element_type=\"widget\" data-e-type=\"widget\" data-widget_type=\"heading.default\">\n\t\t\t\t<div class=\"elementor-widget-container\">\n\t\t\t\t\t<h1 class=\"elementor-heading-title elementor-size-default\">\u00dcBER UNS<\/h1>\t\t\t\t<\/div>\n\t\t\t\t<\/div>\n\t\t\t\t\t<\/div>\n\t\t<\/div>\n\t\t\t\t\t<\/div>\n\t\t<\/section>\n\t\t\t\t<section class=\"elementor-section elementor-top-section elementor-element elementor-element-0d3dc15 elementor-section-boxed elementor-section-height-default elementor-section-height-default\" data-id=\"0d3dc15\" data-element_type=\"section\" data-e-type=\"section\" data-settings=\"{&quot;background_background&quot;:&quot;classic&quot;}\">\n\t\t\t\t\t\t<div class=\"elementor-container elementor-column-gap-default\">\n\t\t\t\t\t<div class=\"elementor-column elementor-col-100 elementor-top-column elementor-element elementor-element-4de8042\" data-id=\"4de8042\" data-element_type=\"column\" data-e-type=\"column\">\n\t\t\t<div class=\"elementor-widget-wrap elementor-element-populated\">\n\t\t\t\t\t\t<section class=\"elementor-section elementor-inner-section elementor-element elementor-element-4020dac elementor-section-full_width elementor-reverse-mobile elementor-section-height-default elementor-section-height-default\" data-id=\"4020dac\" data-element_type=\"section\" data-e-type=\"section\" data-settings=\"{&quot;background_background&quot;:&quot;classic&quot;}\">\n\t\t\t\t\t\t<div class=\"elementor-container elementor-column-gap-default\">\n\t\t\t\t\t<div class=\"elementor-column elementor-col-50 elementor-inner-column elementor-element elementor-element-60b937e\" data-id=\"60b937e\" data-element_type=\"column\" data-e-type=\"column\">\n\t\t\t<div class=\"elementor-widget-wrap elementor-element-populated\">\n\t\t\t\t\t\t<div class=\"elementor-element elementor-element-ecf2312 elementor-widget elementor-widget-text-editor\" data-id=\"ecf2312\" data-element_type=\"widget\" data-e-type=\"widget\" data-widget_type=\"text-editor.default\">\n\t\t\t\t<div class=\"elementor-widget-container\">\n\t\t\t\t\t\t\t\t\t<p>Modul Furniture Kft. wurde aus unserem Streben nach Qualit\u00e4t, Fachkompetenz und maximaler Kundenorientierung heraus gegr\u00fcndet.\u00a0<\/p>\t\t\t\t\t\t\t\t<\/div>\n\t\t\t\t<\/div>\n\t\t\t\t<div class=\"elementor-element elementor-element-cca0d20 elementor-widget elementor-widget-text-editor\" data-id=\"cca0d20\" data-element_type=\"widget\" data-e-type=\"widget\" data-widget_type=\"text-editor.default\">\n\t\t\t\t<div class=\"elementor-widget-container\">\n\t\t\t\t\t\t\t\t\t<p>Unser Ziel ist es, auf der Grundlage unserer jahrzehntelangen Erfahrung in der M\u00f6belherstellung und Kundenbetreuung hochwertige, individuelle M\u00f6bel f\u00fcr jedermann herzustellen, mit denen wir unseren Kunden wertvolle und zeitlose Einrichtungsgegenst\u00e4nde f\u00fcr ihr Zuhause bieten k\u00f6nnen.<\/p>\t\t\t\t\t\t\t\t<\/div>\n\t\t\t\t<\/div>\n\t\t\t\t\t<\/div>\n\t\t<\/div>\n\t\t\t\t<div class=\"elementor-column elementor-col-50 elementor-inner-column elementor-element elementor-element-dbfe2e9\" data-id=\"dbfe2e9\" data-element_type=\"column\" data-e-type=\"column\">\n\t\t\t<div class=\"elementor-widget-wrap elementor-element-populated\">\n\t\t\t\t\t\t<div class=\"elementor-element elementor-element-6ccb8e5 elementor-widget elementor-widget-image\" data-id=\"6ccb8e5\" data-element_type=\"widget\" data-e-type=\"widget\" data-widget_type=\"image.default\">\n\t\t\t\t<div class=\"elementor-widget-container\">\n\t\t\t\t\t\t\t\t\t\t\t\t\t\t\t<img fetchpriority=\"high\" decoding=\"async\" width=\"1024\" height=\"683\" src=\"https:\/\/modulfurniture.hu\/wp-content\/uploads\/2024\/04\/DSC01794-2-min-1024x683.jpg\" class=\"attachment-large size-large wp-image-1799\" alt=\"\" srcset=\"https:\/\/modulfurniture.hu\/wp-content\/uploads\/2024\/04\/DSC01794-2-min-1024x683.jpg 1024w, https:\/\/modulfurniture.hu\/wp-content\/uploads\/2024\/04\/DSC01794-2-min-300x200.jpg 300w, https:\/\/modulfurniture.hu\/wp-content\/uploads\/2024\/04\/DSC01794-2-min-768x512.jpg 768w, https:\/\/modulfurniture.hu\/wp-content\/uploads\/2024\/04\/DSC01794-2-min-1536x1024.jpg 1536w, https:\/\/modulfurniture.hu\/wp-content\/uploads\/2024\/04\/DSC01794-2-min-2048x1365.jpg 2048w\" sizes=\"(max-width: 1024px) 100vw, 1024px\" \/>\t\t\t\t\t\t\t\t\t\t\t\t\t\t\t<\/div>\n\t\t\t\t<\/div>\n\t\t\t\t\t<\/div>\n\t\t<\/div>\n\t\t\t\t\t<\/div>\n\t\t<\/section>\n\t\t\t\t\t<\/div>\n\t\t<\/div>\n\t\t\t\t\t<\/div>\n\t\t<\/section>\n\t\t\t\t<section class=\"elementor-section elementor-top-section elementor-element elementor-element-bed3ac6 elementor-section-boxed elementor-section-height-default elementor-section-height-default\" data-id=\"bed3ac6\" data-element_type=\"section\" data-e-type=\"section\">\n\t\t\t\t\t\t<div class=\"elementor-container elementor-column-gap-default\">\n\t\t\t\t\t<div class=\"elementor-column elementor-col-100 elementor-top-column elementor-element elementor-element-b4e08bf\" data-id=\"b4e08bf\" data-element_type=\"column\" data-e-type=\"column\">\n\t\t\t<div class=\"elementor-widget-wrap elementor-element-populated\">\n\t\t\t\t\t\t<section class=\"elementor-section elementor-inner-section elementor-element elementor-element-c39b5b8 elementor-section-full_width elementor-section-height-default elementor-section-height-default\" data-id=\"c39b5b8\" data-element_type=\"section\" data-e-type=\"section\" data-settings=\"{&quot;background_background&quot;:&quot;classic&quot;}\">\n\t\t\t\t\t\t<div class=\"elementor-container elementor-column-gap-default\">\n\t\t\t\t\t<div class=\"elementor-column elementor-col-50 elementor-inner-column elementor-element elementor-element-5523e68\" data-id=\"5523e68\" data-element_type=\"column\" data-e-type=\"column\">\n\t\t\t<div class=\"elementor-widget-wrap elementor-element-populated\">\n\t\t\t\t\t\t<div class=\"elementor-element elementor-element-62e5c9d elementor-widget elementor-widget-image\" data-id=\"62e5c9d\" data-element_type=\"widget\" data-e-type=\"widget\" data-widget_type=\"image.default\">\n\t\t\t\t<div class=\"elementor-widget-container\">\n\t\t\t\t\t\t\t\t\t\t\t\t\t\t\t<img decoding=\"async\" width=\"799\" height=\"1024\" src=\"https:\/\/modulfurniture.hu\/wp-content\/uploads\/2023\/02\/mile_tamas-1-799x1024.png\" class=\"attachment-large size-large wp-image-408\" alt=\"\" srcset=\"https:\/\/modulfurniture.hu\/wp-content\/uploads\/2023\/02\/mile_tamas-1-799x1024.png 799w, https:\/\/modulfurniture.hu\/wp-content\/uploads\/2023\/02\/mile_tamas-1-234x300.png 234w, https:\/\/modulfurniture.hu\/wp-content\/uploads\/2023\/02\/mile_tamas-1-768x984.png 768w, https:\/\/modulfurniture.hu\/wp-content\/uploads\/2023\/02\/mile_tamas-1.png 1000w\" sizes=\"(max-width: 799px) 100vw, 799px\" \/>\t\t\t\t\t\t\t\t\t\t\t\t\t\t\t<\/div>\n\t\t\t\t<\/div>\n\t\t\t\t\t<\/div>\n\t\t<\/div>\n\t\t\t\t<div class=\"elementor-column elementor-col-50 elementor-inner-column elementor-element elementor-element-c15abb4\" data-id=\"c15abb4\" data-element_type=\"column\" data-e-type=\"column\">\n\t\t\t<div class=\"elementor-widget-wrap elementor-element-populated\">\n\t\t\t\t\t\t<div class=\"elementor-element elementor-element-97ac4e1 elementor-widget__width-initial elementor-widget elementor-widget-text-editor\" data-id=\"97ac4e1\" data-element_type=\"widget\" data-e-type=\"widget\" data-widget_type=\"text-editor.default\">\n\t\t\t\t<div class=\"elementor-widget-container\">\n\t\t\t\t\t\t\t\t\t<p>Ich bin Tam\u00e1s Mile, Eigent\u00fcmer und Gesch\u00e4ftsf\u00fchrer von Modul Furniture Kft. Ich bin ausgebildeter Wirtschaftswissenschaftler. Nach 14 erfolgreichen Jahren im Bankensektor hatte ich das Gef\u00fchl, dass ich den Menschen etwas ganz anderes, etwas Greifbareres bieten m\u00f6chte. Seit meiner Kindheit habe ich gerne gebastelt, mit Holz gearbeitet und den Geruch von Tischlerwerkst\u00e4tten genossen, daher war f\u00fcr mich klar, was ich machen wollte. 2021 habe ich mein Tischlereiunternehmen gegr\u00fcndet, in dem die M\u00f6bel nat\u00fcrlich von professionellen Tischlern hergestellt werden, die als Teil des Teams arbeiten, aber ich kann auch am gesamten Prozess teilhaben.<\/p>\t\t\t\t\t\t\t\t<\/div>\n\t\t\t\t<\/div>\n\t\t\t\t\t<\/div>\n\t\t<\/div>\n\t\t\t\t\t<\/div>\n\t\t<\/section>\n\t\t\t\t\t<\/div>\n\t\t<\/div>\n\t\t\t\t\t<\/div>\n\t\t<\/section>\n\t\t\t\t<\/div>","protected":false},"excerpt":{"rendered":"<p>R\u00d3LUNK A Modul Furniture Kft-t a min\u0151s\u00e9gre, a szak\u00e9rtelemre \u00e9s a maxim\u00e1lisan \u00fcgyf\u00e9lk\u00f6zpont\u00fa t\u00f6rekv\u00e9s\u00fcnk h\u00edvta \u00e9letre.\u00a0 C\u00e9lunk, hogy a b\u00fatorgy\u00e1rt\u00e1sban \u00e9s az \u00fcgyf\u00e9lkezel\u00e9sben elt\u00f6lt\u00f6tt t\u00f6bb \u00e9vtizedes tapasztalat alapj\u00e1n olyan magas min\u0151s\u00e9g\u0171 egyedi b\u00fatorokat k\u00e9sz\u00edts\u00fcnk mindenki sz\u00e1m\u00e1ra, amiken kereszt\u00fcl \u00e9rt\u00e9ket \u00e9s id\u0151t\u00e1ll\u00f3 kieg\u00e9sz\u00edt\u0151ket juttathatunk el \u00fcgyfeleink otthon\u00e1ba. Mile Tam\u00e1s vagyok, a Modul Furniture Kft tulajdonosa \u00e9s [&hellip;]<\/p>","protected":false},"author":1,"featured_media":0,"parent":0,"menu_order":0,"comment_status":"closed","ping_status":"closed","template":"","meta":{"_seopress_robots_primary_cat":"","_seopress_titles_title":"R\u00f3lunk  %%sep%% Modul Furniture Kft.","_seopress_titles_desc":"A Modul Furniture Kft-t a min\u0151s\u00e9gre, a szak\u00e9rtelemre \u00e9s a maxim\u00e1lisan \u00fcgyf\u00e9lk\u00f6zpont\u00fa t\u00f6rekv\u00e9s\u00fcnk h\u00edvta \u00e9letre.  Ismerje meg a Modul Furniture t\u00f6rt\u00e9net\u00e9t. ","_seopress_robots_index":"","inline_featured_image":false,"ocean_post_layout":"","ocean_both_sidebars_style":"","ocean_both_sidebars_content_width":0,"ocean_both_sidebars_sidebars_width":0,"ocean_sidebar":"0","ocean_second_sidebar":"0","ocean_disable_margins":"enable","ocean_add_body_class":"","ocean_shortcode_before_top_bar":"","ocean_shortcode_after_top_bar":"","ocean_shortcode_before_header":"","ocean_shortcode_after_header":"","ocean_has_shortcode":"","ocean_shortcode_after_title":"","ocean_shortcode_before_footer_widgets":"","ocean_shortcode_after_footer_widgets":"","ocean_shortcode_before_footer_bottom":"","ocean_shortcode_after_footer_bottom":"","ocean_display_top_bar":"default","ocean_display_header":"default","ocean_header_style":"","ocean_center_header_left_menu":"0","ocean_custom_header_template":"0","ocean_custom_logo":0,"ocean_custom_retina_logo":0,"ocean_custom_logo_max_width":0,"ocean_custom_logo_tablet_max_width":0,"ocean_custom_logo_mobile_max_width":0,"ocean_custom_logo_max_height":0,"ocean_custom_logo_tablet_max_height":0,"ocean_custom_logo_mobile_max_height":0,"ocean_header_custom_menu":"0","ocean_menu_typo_font_family":"0","ocean_menu_typo_font_subset":"","ocean_menu_typo_font_size":0,"ocean_menu_typo_font_size_tablet":0,"ocean_menu_typo_font_size_mobile":0,"ocean_menu_typo_font_size_unit":"px","ocean_menu_typo_font_weight":"","ocean_menu_typo_font_weight_tablet":"","ocean_menu_typo_font_weight_mobile":"","ocean_menu_typo_transform":"","ocean_menu_typo_transform_tablet":"","ocean_menu_typo_transform_mobile":"","ocean_menu_typo_line_height":0,"ocean_menu_typo_line_height_tablet":0,"ocean_menu_typo_line_height_mobile":0,"ocean_menu_typo_line_height_unit":"","ocean_menu_typo_spacing":0,"ocean_menu_typo_spacing_tablet":0,"ocean_menu_typo_spacing_mobile":0,"ocean_menu_typo_spacing_unit":"","ocean_menu_link_color":"","ocean_menu_link_color_hover":"","ocean_menu_link_color_active":"","ocean_menu_link_background":"","ocean_menu_link_hover_background":"","ocean_menu_link_active_background":"","ocean_menu_social_links_bg":"","ocean_menu_social_hover_links_bg":"","ocean_menu_social_links_color":"","ocean_menu_social_hover_links_color":"","ocean_disable_title":"default","ocean_disable_heading":"default","ocean_post_title":"","ocean_post_subheading":"","ocean_post_title_style":"","ocean_post_title_background_color":"","ocean_post_title_background":0,"ocean_post_title_bg_image_position":"","ocean_post_title_bg_image_attachment":"","ocean_post_title_bg_image_repeat":"","ocean_post_title_bg_image_size":"","ocean_post_title_height":0,"ocean_post_title_bg_overlay":0.5,"ocean_post_title_bg_overlay_color":"","ocean_disable_breadcrumbs":"default","ocean_breadcrumbs_color":"","ocean_breadcrumbs_separator_color":"","ocean_breadcrumbs_links_color":"","ocean_breadcrumbs_links_hover_color":"","ocean_display_footer_widgets":"default","ocean_display_footer_bottom":"default","ocean_custom_footer_template":"0","footnotes":""},"class_list":["post-855","page","type-page","status-publish","hentry","entry"],"_links":{"self":[{"href":"https:\/\/modulfurniture.hu\/de\/wp-json\/wp\/v2\/pages\/855","targetHints":{"allow":["GET"]}}],"collection":[{"href":"https:\/\/modulfurniture.hu\/de\/wp-json\/wp\/v2\/pages"}],"about":[{"href":"https:\/\/modulfurniture.hu\/de\/wp-json\/wp\/v2\/types\/page"}],"author":[{"embeddable":true,"href":"https:\/\/modulfurniture.hu\/de\/wp-json\/wp\/v2\/users\/1"}],"replies":[{"embeddable":true,"href":"https:\/\/modulfurniture.hu\/de\/wp-json\/wp\/v2\/comments?post=855"}],"version-history":[{"count":5,"href":"https:\/\/modulfurniture.hu\/de\/wp-json\/wp\/v2\/pages\/855\/revisions"}],"predecessor-version":[{"id":1968,"href":"https:\/\/modulfurniture.hu\/de\/wp-json\/wp\/v2\/pages\/855\/revisions\/1968"}],"wp:attachment":[{"href":"https:\/\/modulfurniture.hu\/de\/wp-json\/wp\/v2\/media?parent=855"}],"curies":[{"name":"wp","href":"https:\/\/api.w.org\/{rel}","templated":true}]}}