{"id":2625,"date":"2025-05-16T06:03:52","date_gmt":"2025-05-16T06:03:52","guid":{"rendered":"https:\/\/modulfurniture.hu\/?page_id=2625"},"modified":"2025-05-16T06:11:52","modified_gmt":"2025-05-16T06:11:52","slug":"urheberrechte","status":"publish","type":"page","link":"https:\/\/modulfurniture.hu\/de\/urheberrechte\/","title":{"rendered":"Urheberrechte"},"content":{"rendered":"<div data-elementor-type=\"wp-page\" data-elementor-id=\"2625\" class=\"elementor elementor-2625\" data-elementor-post-type=\"page\">\n\t\t\t\t\t\t<section class=\"elementor-section elementor-top-section elementor-element elementor-element-5442f2c5 elementor-section-height-min-height elementor-section-items-top elementor-section-boxed elementor-section-height-default\" data-id=\"5442f2c5\" data-element_type=\"section\" data-e-type=\"section\" data-settings=\"{&quot;background_background&quot;:&quot;classic&quot;}\">\n\t\t\t\t\t\t<div class=\"elementor-container elementor-column-gap-default\">\n\t\t\t\t\t<div class=\"elementor-column elementor-col-100 elementor-top-column elementor-element elementor-element-1ce5e729\" data-id=\"1ce5e729\" data-element_type=\"column\" data-e-type=\"column\">\n\t\t\t<div class=\"elementor-widget-wrap elementor-element-populated\">\n\t\t\t\t\t\t<div class=\"elementor-element elementor-element-5b796991 elementor-widget elementor-widget-heading\" data-id=\"5b796991\" data-element_type=\"widget\" data-e-type=\"widget\" data-widget_type=\"heading.default\">\n\t\t\t\t<div class=\"elementor-widget-container\">\n\t\t\t\t\t<h1 class=\"elementor-heading-title elementor-size-default\">Urheberrechte<\/h1>\t\t\t\t<\/div>\n\t\t\t\t<\/div>\n\t\t\t\t\t<\/div>\n\t\t<\/div>\n\t\t\t\t\t<\/div>\n\t\t<\/section>\n\t\t\t\t<section class=\"elementor-section elementor-top-section elementor-element elementor-element-6e1e14da elementor-section-boxed elementor-section-height-default elementor-section-height-default\" data-id=\"6e1e14da\" data-element_type=\"section\" data-e-type=\"section\" data-settings=\"{&quot;background_background&quot;:&quot;classic&quot;}\">\n\t\t\t\t\t\t<div class=\"elementor-container elementor-column-gap-default\">\n\t\t\t\t\t<div class=\"elementor-column elementor-col-100 elementor-top-column elementor-element elementor-element-2b70145a\" data-id=\"2b70145a\" data-element_type=\"column\" data-e-type=\"column\">\n\t\t\t<div class=\"elementor-widget-wrap elementor-element-populated\">\n\t\t\t\t\t\t<section class=\"elementor-section elementor-inner-section elementor-element elementor-element-48d527f2 elementor-section-full_width elementor-section-height-default elementor-section-height-default\" data-id=\"48d527f2\" data-element_type=\"section\" data-e-type=\"section\" data-settings=\"{&quot;background_background&quot;:&quot;classic&quot;}\">\n\t\t\t\t\t\t<div class=\"elementor-container elementor-column-gap-default\">\n\t\t\t\t\t<div class=\"elementor-column elementor-col-100 elementor-inner-column elementor-element elementor-element-37a53b2\" data-id=\"37a53b2\" data-element_type=\"column\" data-e-type=\"column\">\n\t\t\t<div class=\"elementor-widget-wrap elementor-element-populated\">\n\t\t\t\t\t\t<div class=\"elementor-element elementor-element-7f8f8ba7 elementor-widget elementor-widget-text-editor\" data-id=\"7f8f8ba7\" data-element_type=\"widget\" data-e-type=\"widget\" data-widget_type=\"text-editor.default\">\n\t\t\t\t<div class=\"elementor-widget-container\">\n\t\t\t\t\t\t\t\t\t<p class=\"\" data-start=\"424\" data-end=\"949\">Die auf der Website enthaltenen Informationen d\u00fcrfen nur unter Angabe der Quelle verwendet werden. Der urspr\u00fcngliche Inhalt der Website sowie alle ihre Bestandteile (Texte, Bilder, Tonaufnahmen, Videos, Animationen usw.) d\u00fcrfen nur mit vorheriger schriftlicher Genehmigung der Modul Furniture Kft. verwendet werden. Die Weiterver\u00f6ffentlichung muss den Bestimmungen des Pressegesetzes II von 1986, dem Strafgesetzbuch (Gesetz IV von 1978), dem B\u00fcrgerlichen Gesetzbuch (Gesetz IV von 1959) sowie den einschl\u00e4gigen Bestimmungen des Gesetzes LXXVI von 1999 \u00fcber das Urheberrecht entsprechen.<\/p>\n<p class=\"\" data-start=\"951\" data-end=\"1253\">Ohne schriftliche Genehmigung der Modul Furniture Kft. d\u00fcrfen die Inhalte der Website weder in \u00f6ffentlichen noch in geschlossenen Datenbanken ver\u00f6ffentlicht werden. Auch im Falle einer Ver\u00f6ffentlichungsgenehmigung ist es nicht gestattet, den Inhalt in Form oder Inhalt zu ver\u00e4ndern oder f\u00fcr Zwecke zu verwenden, die von der urspr\u00fcnglichen Absicht der Ver\u00f6ffentlichung abweichen.<\/p>\n<p class=\"\" data-start=\"1255\" data-end=\"1744\">Die auf der Website ver\u00f6ffentlichten Blogartikel unterliegen in ihrer Gesamtheit dem Urheberrechtsschutz, einschlie\u00dflich der Formulierung, der inhaltlichen Struktur, der \u00dcberschriften, Unter\u00fcberschriften und der strukturierten inhaltlichen Logik. Das Kopieren, teilweise oder vollst\u00e4ndige Wiederver\u00f6ffentlichen, Umformulieren oder sonstige Verwerten der Artikel ohne vorherige schriftliche Genehmigung von Modul Furniture Kft. ist untersagt \u2013 auch wenn die Quelle angegeben ist. Die Angabe der Quelle allein befreit nicht von der Urheberrechtsverletzung.<\/p>\n<p class=\"\" data-start=\"1746\" data-end=\"2195\">Wir weisen ausdr\u00fccklich darauf hin, dass die Referenzfotos auf der Website \u2013 einschlie\u00dflich Innenaufnahmen, M\u00f6bel, Produkte und Projektfotos \u2013 ebenfalls urheberrechtlich gesch\u00fctzt sind. Diese Bilder d\u00fcrfen weder online noch offline kopiert, auf andere Plattformen hochgeladen oder ohne vorherige schriftliche Zustimmung von Modul Furniture Kft. f\u00fcr eigene Zwecke oder f\u00fcr kommerzielle Kommunikationszwecke verwendet werden.<\/p>\n<p class=\"\" data-start=\"2197\" data-end=\"2526\"><b>Urheberrechtsverletzungen \u2013 einschlie\u00dflich unbefugter Vervielf\u00e4ltigung, \u00c4nderung, Weiterver\u00f6ffentlichung oder Verwendung von Inhaltselementen in jeglicher Form \u2013 k\u00f6nnen zivil- und strafrechtliche Folgen nach sich ziehen. Modul Furniture Kft. wird bei jeder unbefugten Nutzung unverz\u00fcglich die erforderlichen rechtlichen Schritte einleiten.<\/b><\/p>\n<p class=\"\" data-start=\"2528\" data-end=\"2932\">Die auf der Website verf\u00fcgbaren Informationen sind nicht unbedingt vollst\u00e4ndig und werden nicht st\u00e4ndig aktualisiert. Dies gilt auch f\u00fcr alle Links, die direkt oder indirekt auf der Website verf\u00fcgbar sind. Modul Furniture Kft. \u00fcbernimmt keine Haftung f\u00fcr direkte oder indirekte Sch\u00e4den, die durch die Nutzung der auf der Website enthaltenen Informationen oder Dokumente entstehen.<\/p>\n<p class=\"\" data-start=\"2934\" data-end=\"3059\">Modul Furniture Kft. beh\u00e4lt sich das Recht vor, die auf seiner Website ver\u00f6ffentlichten Informationen ohne vorherige Ank\u00fcndigung zu \u00e4ndern.<\/p>\t\t\t\t\t\t\t\t<\/div>\n\t\t\t\t<\/div>\n\t\t\t\t\t<\/div>\n\t\t<\/div>\n\t\t\t\t\t<\/div>\n\t\t<\/section>\n\t\t\t\t\t<\/div>\n\t\t<\/div>\n\t\t\t\t\t<\/div>\n\t\t<\/section>\n\t\t\t\t<\/div>","protected":false},"excerpt":{"rendered":"<p>A honlapon tal\u00e1lhat\u00f3 inform\u00e1ci\u00f3k kiz\u00e1r\u00f3lag a forr\u00e1s megjel\u00f6l\u00e9s\u00e9vel haszn\u00e1lhat\u00f3k fel. A honlap eredeti tartalma, valamint annak b\u00e1rmely alkot\u00f3eleme (sz\u00f6veg, k\u00e9p, hang, vide\u00f3, anim\u00e1ci\u00f3 stb.) csak a Modul Furniture Kft. el\u0151zetes, \u00edr\u00e1sbeli enged\u00e9ly\u00e9vel haszn\u00e1lhat\u00f3 fel. A m\u00e1sodk\u00f6zl\u00e9snek meg kell felelnie a sajt\u00f3r\u00f3l sz\u00f3l\u00f3 1986. \u00e9vi II. t\u00f6rv\u00e9ny, a B\u00fcntet\u0151 T\u00f6rv\u00e9nyk\u00f6nyv (1978. \u00e9vi IV. t\u00f6rv\u00e9ny), a Polg\u00e1ri [&hellip;]<\/p>","protected":false},"author":1,"featured_media":0,"parent":0,"menu_order":0,"comment_status":"closed","ping_status":"closed","template":"","meta":{"_seopress_robots_primary_cat":"","_seopress_titles_title":"Szerz\u0151i jogok %%sep%% Modul Furniture","_seopress_titles_desc":"A honlapon tal\u00e1lhat\u00f3 inform\u00e1ci\u00f3k, tartalmak, k\u00e9pek a Modul Furniture Kft. tulajdon\u00e1t k\u00e9pzik, azok m\u00e1sol\u00e1sa tilos.","_seopress_robots_index":"","inline_featured_image":false,"ocean_post_layout":"","ocean_both_sidebars_style":"","ocean_both_sidebars_content_width":0,"ocean_both_sidebars_sidebars_width":0,"ocean_sidebar":"0","ocean_second_sidebar":"0","ocean_disable_margins":"enable","ocean_add_body_class":"","ocean_shortcode_before_top_bar":"","ocean_shortcode_after_top_bar":"","ocean_shortcode_before_header":"","ocean_shortcode_after_header":"","ocean_has_shortcode":"","ocean_shortcode_after_title":"","ocean_shortcode_before_footer_widgets":"","ocean_shortcode_after_footer_widgets":"","ocean_shortcode_before_footer_bottom":"","ocean_shortcode_after_footer_bottom":"","ocean_display_top_bar":"default","ocean_display_header":"default","ocean_header_style":"","ocean_center_header_left_menu":"0","ocean_custom_header_template":"0","ocean_custom_logo":0,"ocean_custom_retina_logo":0,"ocean_custom_logo_max_width":0,"ocean_custom_logo_tablet_max_width":0,"ocean_custom_logo_mobile_max_width":0,"ocean_custom_logo_max_height":0,"ocean_custom_logo_tablet_max_height":0,"ocean_custom_logo_mobile_max_height":0,"ocean_header_custom_menu":"0","ocean_menu_typo_font_family":"0","ocean_menu_typo_font_subset":"","ocean_menu_typo_font_size":0,"ocean_menu_typo_font_size_tablet":0,"ocean_menu_typo_font_size_mobile":0,"ocean_menu_typo_font_size_unit":"px","ocean_menu_typo_font_weight":"","ocean_menu_typo_font_weight_tablet":"","ocean_menu_typo_font_weight_mobile":"","ocean_menu_typo_transform":"","ocean_menu_typo_transform_tablet":"","ocean_menu_typo_transform_mobile":"","ocean_menu_typo_line_height":0,"ocean_menu_typo_line_height_tablet":0,"ocean_menu_typo_line_height_mobile":0,"ocean_menu_typo_line_height_unit":"","ocean_menu_typo_spacing":0,"ocean_menu_typo_spacing_tablet":0,"ocean_menu_typo_spacing_mobile":0,"ocean_menu_typo_spacing_unit":"","ocean_menu_link_color":"","ocean_menu_link_color_hover":"","ocean_menu_link_color_active":"","ocean_menu_link_background":"","ocean_menu_link_hover_background":"","ocean_menu_link_active_background":"","ocean_menu_social_links_bg":"","ocean_menu_social_hover_links_bg":"","ocean_menu_social_links_color":"","ocean_menu_social_hover_links_color":"","ocean_disable_title":"default","ocean_disable_heading":"default","ocean_post_title":"","ocean_post_subheading":"","ocean_post_title_style":"","ocean_post_title_background_color":"","ocean_post_title_background":0,"ocean_post_title_bg_image_position":"","ocean_post_title_bg_image_attachment":"","ocean_post_title_bg_image_repeat":"","ocean_post_title_bg_image_size":"","ocean_post_title_height":0,"ocean_post_title_bg_overlay":0.5,"ocean_post_title_bg_overlay_color":"","ocean_disable_breadcrumbs":"default","ocean_breadcrumbs_color":"","ocean_breadcrumbs_separator_color":"","ocean_breadcrumbs_links_color":"","ocean_breadcrumbs_links_hover_color":"","ocean_display_footer_widgets":"default","ocean_display_footer_bottom":"default","ocean_custom_footer_template":"0","footnotes":""},"class_list":["post-2625","page","type-page","status-publish","hentry","entry"],"_links":{"self":[{"href":"https:\/\/modulfurniture.hu\/de\/wp-json\/wp\/v2\/pages\/2625","targetHints":{"allow":["GET"]}}],"collection":[{"href":"https:\/\/modulfurniture.hu\/de\/wp-json\/wp\/v2\/pages"}],"about":[{"href":"https:\/\/modulfurniture.hu\/de\/wp-json\/wp\/v2\/types\/page"}],"author":[{"embeddable":true,"href":"https:\/\/modulfurniture.hu\/de\/wp-json\/wp\/v2\/users\/1"}],"replies":[{"embeddable":true,"href":"https:\/\/modulfurniture.hu\/de\/wp-json\/wp\/v2\/comments?post=2625"}],"version-history":[{"count":5,"href":"https:\/\/modulfurniture.hu\/de\/wp-json\/wp\/v2\/pages\/2625\/revisions"}],"predecessor-version":[{"id":2638,"href":"https:\/\/modulfurniture.hu\/de\/wp-json\/wp\/v2\/pages\/2625\/revisions\/2638"}],"wp:attachment":[{"href":"https:\/\/modulfurniture.hu\/de\/wp-json\/wp\/v2\/media?parent=2625"}],"curies":[{"name":"wp","href":"https:\/\/api.w.org\/{rel}","templated":true}]}}